{"id":610,"date":"2025-12-15T11:41:12","date_gmt":"2025-12-15T10:41:12","guid":{"rendered":"https:\/\/codigosdelarte.es\/?page_id=610"},"modified":"2026-02-23T11:36:02","modified_gmt":"2026-02-23T10:36:02","slug":"cine","status":"publish","type":"page","link":"https:\/\/codigosdelarte.es\/vc\/cine\/","title":{"rendered":"Cine"},"content":{"rendered":"<div class=\"bm-builder clearfix\"><div id=\"\" class=\"module col-5 module-id-1765795251599 bm-wrap row-top row-left\" data-module-col=\"5\" data-change-color=\"off\" data-backcolor=\"transparent\" data-frontcolor=\"\" data-logocolor=\"\" data-goto-top=\"off\" data-goto-top-spacing=\"0\" data-goto-disable-m=\"off\" data-groupsameheight=\"off\"><div class=\"module-inside group-inside\" style=\"--cornerRadius:0px 0px 0px 0px ; --top-mod: 30px;--bottom-mod: 0px;--top-mod-t: 30px;--bottom-mod-t: 0px;--top-mod-m:20px;--bottom-mod-m:0px;\" ><div id=\"\" class=\"module col-12 module-id-1770300512788\" data-module-col=\"12\"><div class=\"module-inside single-image-inside\" style=\"--cornerRadius:0px 0px 0px 0px ; --top-mod: 0px;--bottom-mod: 0px;--top-mod-t: 0px;--bottom-mod-t: 0px;--top-mod-m:0px;--bottom-mod-m:0px;\" ><div class=\"single-image-out left-ux left-ux-m\"  ><figure class=\"single-image   single-image-notfull\" no><div class=\"ux-hover-wrap anima-wrap\" style=\"padding-top: 80.14598540146%;\"><span class=\"ux-hover-wrap-a\"><img loading=\"lazy\" decoding=\"async\" alt=\"CINE logo\" class=\"single-image-img img1st lazy\" src=\"data:image\/gif;base64,R0lGODlhAQABAIAAAAAAAP\/\/\/yH5BAEAAAAALAAAAAABAAEAAAIBRAA7\" data-src=\"https:\/\/codigosdelarte.es\/wp-content\/uploads\/2025\/12\/CINE-logo.png\" data-srcset=\"https:\/\/codigosdelarte.es\/wp-content\/uploads\/2025\/12\/CINE-logo.png 685w, https:\/\/codigosdelarte.es\/wp-content\/uploads\/2025\/12\/CINE-logo-300x240.png 300w, https:\/\/codigosdelarte.es\/wp-content\/uploads\/2025\/12\/CINE-logo-15x12.png 15w, https:\/\/codigosdelarte.es\/wp-content\/uploads\/2025\/12\/CINE-logo-350x281.png 350w, https:\/\/codigosdelarte.es\/wp-content\/uploads\/2025\/12\/CINE-logo-650x521.png 650w\" data-sizes=\"(max-width: 480px) 320px,(max-width: 767px) 500px,(max-width: 685px) 100vw, 685px\" width=\"685\" height=\"549\" \/><\/span><\/div><\/figure><\/div><\/div><\/div><\/div><\/div><div id=\"\" class=\"module col-7 module-id-1765795252409 bm-wrap row-top row-left\" data-module-col=\"7\" data-change-color=\"off\" data-backcolor=\"transparent\" data-frontcolor=\"\" data-logocolor=\"\" data-goto-top=\"off\" data-goto-top-spacing=\"0\" data-goto-disable-m=\"off\" data-groupsameheight=\"off\"><div class=\"module-inside group-inside\" style=\"--cornerRadius:0px 0px 0px 0px ; --top-mod: 30px;--bottom-mod: 0px;--top-mod-t: 30px;--bottom-mod-t: 0px;--top-mod-m:0px;--bottom-mod-m:0px;\" ><div id=\"\" class=\"module col-12 module-id-1765795252749\" data-module-col=\"12\"><div class=\"module-inside embed-inside\" style=\"--cornerRadius:0px 0px 0px 0px ; --top-mod: 0px;--bottom-mod: 0px;--top-mod-t: 0px;--bottom-mod-t: 0px;--top-mod-m:0px;--bottom-mod-m:0px;\" ><div class=\"embed-wrap\" style=\"\" ><\/div><\/div><\/div><div id=\"\" class=\"module col-12 module-id-1765824066952\" data-module-col=\"12\"><div class=\"module-inside text-inside\" style=\"--top-mod: 0px;--bottom-mod: 20px;--top-mod-t: 0px;--bottom-mod-t: 20px;--top-mod-m:0px;--bottom-mod-m:10px;\" ><div class=\"text_block_out\"  data-effect=\"standard\" style=\"\"><div class=\"text_block ux-mod-nobg\"><div class=\"text_block_inn\"><div id=\"text-1765824066952\" class=\"text_block_centered text_block_centered_enable_width\"  style=\"\"><h3><span data-tsize=\"32px\" data-msize=\"38px\">L\u00cdNEA DOCUMENTAL<\/span><\/h3><\/div><\/div><\/div><\/div><\/div><\/div><div id=\"\" class=\"module col-12 module-id-17658779995844bsXu\" data-module-col=\"12\"><div class=\"module-inside text-inside\" style=\"--top-mod: 0px;--bottom-mod: 20px;--top-mod-t: 0px;--bottom-mod-t: 20px;--top-mod-m:0px;--bottom-mod-m:10px;\" ><div class=\"text_block_out\"  data-effect=\"standard\" style=\"\"><div class=\"text_block ux-mod-nobg\"><div class=\"text_block_inn\"><div id=\"text-17658779995844bsXu\" class=\"text_block_centered text_block_centered_enable_width\"  style=\"\"><h4><span data-msize=\"22px\" data-tsize=\"22px\">11 FEBRER\u201415 ABRIL<\/span><\/h4><\/div><\/div><\/div><\/div><\/div><\/div><div id=\"\" class=\"module col-12 module-id-1765824363081\" data-module-col=\"12\"><div class=\"module-inside text-inside\" style=\"--top-mod: 20px;--bottom-mod: 40px;--top-mod-t: 20px;--bottom-mod-t: 40px;--top-mod-m:10px;--bottom-mod-m:20px;\" ><div class=\"text_block_out\"  data-effect=\"standard\" style=\"\"><div class=\"text_block ux-mod-nobg\"><div class=\"text_block_inn\"><div id=\"text-1765824363081\" class=\"text_block_centered text_block_centered_enable_width\"  style=\"\"><p>La <em>L\u00ednea Documental<\/em> porta a C\u00f3digos del Arte el cinema documental m\u00e9s potent del m\u00f3n: cl\u00e0ssics ic\u00f2nics, curtmetratges agosarats i els favorits de festivals de tot arreu.<\/p><\/div><\/div><\/div><\/div><\/div><\/div><div id=\"\" class=\"module col-1 module-id-1770552267462\" data-module-col=\"1\"><div class=\"module-inside text-inside\" style=\"--top-mod: 0px;--bottom-mod: 0px;--top-mod-t: 0px;--bottom-mod-t: 0px;--top-mod-m:0px;--bottom-mod-m:0px;\" ><div class=\"text_block_out\"  data-effect=\"standard\" style=\"\"><div class=\"text_block ux-mod-nobg\"><div class=\"text_block_inn\"><div id=\"text-1770552267462\" class=\"text_block_centered text_block_centered_enable_width\"  style=\"\"><p><a href=\"https:\/\/codigosdelarte.es\/en\/cine\/\"><strong>EN<\/strong><\/a><\/p><\/div><\/div><\/div><\/div><\/div><\/div><div id=\"\" class=\"module col-1 module-id-1770552547711baMae\" data-module-col=\"1\"><div class=\"module-inside text-inside\" style=\"--top-mod: 0px;--bottom-mod: 0px;--top-mod-t: 0px;--bottom-mod-t: 0px;--top-mod-m:0px;--bottom-mod-m:0px;\" ><div class=\"text_block_out\"  data-effect=\"standard\" style=\"\"><div class=\"text_block ux-mod-nobg\"><div class=\"text_block_inn\"><div id=\"text-1770552547711baMae\" class=\"text_block_centered text_block_centered_enable_width\"  style=\"\"><p><a href=\"https:\/\/codigosdelarte.es\/es\/cine\/\"><strong>ES<\/strong><\/a><\/p><\/div><\/div><\/div><\/div><\/div><\/div><div id=\"\" class=\"module col-1 module-id-1770552689643D4ChH\" data-module-col=\"1\"><div class=\"module-inside text-inside\" style=\"--top-mod: 0px;--bottom-mod: 0px;--top-mod-t: 0px;--bottom-mod-t: 0px;--top-mod-m:0px;--bottom-mod-m:0px;\" ><div class=\"text_block_out\"  data-effect=\"standard\" style=\"\"><div class=\"text_block ux-mod-nobg\"><div class=\"text_block_inn\"><div id=\"text-1770552689643D4ChH\" class=\"text_block_centered text_block_centered_enable_width\"  style=\"\"><p><a href=\"https:\/\/codigosdelarte.es\/vc\/cine\/\"><strong>VC<\/strong><\/a><\/p><\/div><\/div><\/div><\/div><\/div><\/div><\/div><\/div><div id=\"\" class=\"module col-12 module-id-1770301363766 bm-wrap row-top row-left bm-wrap-height-auto\" data-module-col=\"12\" data-change-color=\"off\" data-backcolor=\"transparent\" data-frontcolor=\"\" data-logocolor=\"\" data-goto-top=\"off\" data-goto-top-spacing=\"0\" data-goto-disable-m=\"off\" data-groupsameheight=\"off\"><div class=\"module-inside group-inside\" style=\"--cornerRadius:0px 0px 0px 0px ; --top-mod: 0px;--bottom-mod: 0px;--top-mod-t: 0px;--bottom-mod-t: 0px;--top-mod-m:30px;--bottom-mod-m:0px;\" ><div id=\"\" class=\"module col-12 module-id-1770299765053Neiu3\" data-module-col=\"12\"><div class=\"module-inside text-inside module-line module-top-line\" style=\"--line-border: 3px; --top-mod: 0px;--bottom-mod: 20px;--top-mod-t: 0px;--bottom-mod-t: 20px;--top-mod-m:0px;--bottom-mod-m:10px;\" ><div class=\"text_block_out\"  data-effect=\"standard\" style=\"\"><div class=\"text_block ux-mod-nobg\"><div class=\"text_block_inn\"><div id=\"text-1770299765053Neiu3\" class=\"text_block_centered text_block_centered_enable_width\"  style=\"\"><h3><span data-msize=\"22px\">PROGRAMA<\/span><\/h3><\/div><\/div><\/div><\/div><\/div><\/div><div id=\"\" class=\"module col-12 module-id-1765839990941\" data-module-col=\"12\"><div class=\"module-inside text-inside\" style=\"--top-mod: 0px;--bottom-mod: 0px;--top-mod-t: 0px;--bottom-mod-t: 0px;--top-mod-m:0px;--bottom-mod-m:0px;\" ><div class=\"text_block_out\"  data-effect=\"standard\" style=\"\"><div class=\"text_block ux-mod-nobg\"><div class=\"text_block_inn\"><div id=\"text-1765839990941\" class=\"text_block_centered text_block_centered_enable_width\"  style=\"\"><p><div class=\"ecs-no-events\">No hi ha esdeveniments pr\u00f2xims.<\/div><\/p><\/div><\/div><\/div><\/div><\/div><\/div><\/div><\/div><div id=\"\" class=\"module col-12 module-id-1770301473218 bm-wrap row-top row-left bm-wrap-height-auto\" data-module-col=\"12\" data-change-color=\"off\" data-backcolor=\"transparent\" data-frontcolor=\"\" data-logocolor=\"\" data-goto-top=\"off\" data-goto-top-spacing=\"0\" data-goto-disable-m=\"off\" data-groupsameheight=\"off\"><div class=\"module-inside group-inside\" style=\"--cornerRadius:0px 0px 0px 0px ; --top-mod: 30px;--bottom-mod: 30px;--top-mod-t: 10px;--bottom-mod-t: 20px;--top-mod-m:10px;--bottom-mod-m:10px;\" ><div id=\"\" class=\"module col-12 module-id-1770299835704RPALM\" data-module-col=\"12\"><div class=\"module-inside text-inside module-line module-top-line\" style=\"--line-border: 3px; --top-mod: 0px;--bottom-mod: 20px;--top-mod-t: 0px;--bottom-mod-t: 20px;--top-mod-m:0px;--bottom-mod-m:10px;\" ><div class=\"text_block_out\"  data-effect=\"standard\" style=\"\"><div class=\"text_block ux-mod-nobg\"><div class=\"text_block_inn\"><div id=\"text-1770299835704RPALM\" class=\"text_block_centered text_block_centered_enable_width\"  style=\"\"><h3><span data-msize=\"22px\">DUBTES?<\/span><\/h3><\/div><\/div><\/div><\/div><\/div><\/div><div id=\"\" class=\"module col-12 module-id-1770377008070\" data-module-col=\"12\"><div class=\"module-inside text-inside\" style=\"--top-mod: 0px;--bottom-mod: 0px;--top-mod-t: 0px;--bottom-mod-t: 0px;--top-mod-m:0px;--bottom-mod-m:0px;\" ><div class=\"text_block_out\"  data-effect=\"standard\" style=\"\"><div class=\"text_block ux-mod-nobg\"><div class=\"text_block_inn\"><div id=\"text-1770377008070\" class=\"text_block_centered text_block_centered_enable_width\"  style=\"\"><p> <\/p><\/div><\/div><\/div><\/div><\/div><\/div><div id=\"\" class=\"module col-12 module-id-1769948614713\" data-module-col=\"12\"><div class=\"module-inside accordion-inside\" style=\"--top-mod: 0px;--bottom-mod: 0px;--top-mod-t: 0px;--bottom-mod-t: 0px;--top-mod-m:0px;--bottom-mod-m:0px;\" ><div class=\"sea-accordion\" data-acc-id=\"acc-1769948614713\" style=\"--fontsizeAccTit: 16px;--fontsizeAccTitT: 16px;--fontsizeAccTitM: 14px;--lineHeightAccTit: 1.5;--letterSpacingAccTit: normal;\"><div class=\"sea-accordion-item\" ><h2 class=\"accordion-tit\"><button class=\"accordion-btn\" type=\"button\" style=\"\">De qu\u00e8 tracten les pel\u00b7l\u00edcules?<\/button><\/h2><div class=\"accordion-con\">\r\n\t\t \t\t\t\t<div class=\"accordion-in\"> \r\n\t\t \t\t\t\t<p>Les pel\u00b7l\u00edcules recorren un univers de temes fascinants: la vida urbana, la naturalesa, la hist\u00f2ria, la cultura i molt m\u00e9s. A m\u00e9s, exploren la hist\u00f2ria del cinema documental, revelant noves formes de mirar i comprendre el m\u00f3n.<\/p>\r\n      \t\t\t\t\t<\/div>\r\n    \t\t\t\t <\/div><\/div><div class=\"sea-accordion-item\" ><h2 class=\"accordion-tit\"><button class=\"accordion-btn\" type=\"button\" style=\"\">Les projeccions s\u00f3n gratu\u00eftes o de pagament?<\/button><\/h2><div class=\"accordion-con\">\r\n\t\t \t\t\t\t<div class=\"accordion-in\"> \r\n\t\t \t\t\t\t<p>Les projeccions s\u00f3n completament gratu\u00eftes, per\u00f2 es requereix almenys una consumici\u00f3 per persona.<\/p>\r\n      \t\t\t\t\t<\/div>\r\n    \t\t\t\t <\/div><\/div><div class=\"sea-accordion-item\" ><h2 class=\"accordion-tit\"><button class=\"accordion-btn\" type=\"button\" style=\"\">He de fer reserva?<\/button><\/h2><div class=\"accordion-con\">\r\n\t\t \t\t\t\t<div class=\"accordion-in\"> \r\n\t\t \t\t\t\t<p class=\"p1\">No \u2014 simplement vine i pren seient.<\/p>\r\n      \t\t\t\t\t<\/div>\r\n    \t\t\t\t <\/div><\/div><div class=\"sea-accordion-item\" ><h2 class=\"accordion-tit\"><button class=\"accordion-btn\" type=\"button\" style=\"\">En quins idiomes estan les pel\u00b7l\u00edcules?<\/button><\/h2><div class=\"accordion-con\">\r\n\t\t \t\t\t\t<div class=\"accordion-in\"> \r\n\t\t \t\t\t\t<p>Les pel\u00b7l\u00edcules estan en diversos idiomes, per\u00f2 sempre amb subt\u00edtols en espanyol i angl\u00e8s quan cal.<\/p>\r\n      \t\t\t\t\t<\/div>\r\n    \t\t\t\t <\/div><\/div><div class=\"sea-accordion-item\" ><h2 class=\"accordion-tit\"><button class=\"accordion-btn\" type=\"button\" style=\"\">Quant dura cada projecci\u00f3?<\/button><\/h2><div class=\"accordion-con\">\r\n\t\t \t\t\t\t<div class=\"accordion-in\"> \r\n\t\t \t\t\t\t<p>La durada varia segons el documental, normalment entre 60 i 120 minuts.<\/p>\r\n      \t\t\t\t\t<\/div>\r\n    \t\t\t\t <\/div><\/div><div class=\"sea-accordion-item\" ><h2 class=\"accordion-tit\"><button class=\"accordion-btn\" type=\"button\" style=\"\">Qu\u00e8 passa despr\u00e9s de la projecci\u00f3?<\/button><\/h2><div class=\"accordion-con\">\r\n\t\t \t\t\t\t<div class=\"accordion-in\"> \r\n\t\t \t\t\t\t<p>Despr\u00e9s de cada projecci\u00f3 hi haur\u00e0 un espai de conversa i trobada al bar, on podr\u00e0s comentar la pel\u00b7l\u00edcula mentre gaudeixes d\u2019una beguda.<\/p>\r\n      \t\t\t\t\t<\/div>\r\n    \t\t\t\t <\/div><\/div><\/div><\/div><\/div><\/div><\/div><\/div>","protected":false},"excerpt":{"rendered":"<p>L\u00cdNEA DOCUMENTAL11 FEBRERO\u201415 ABRILLa L\u00ednea Documental lleva a C\u00f3digos del &hellip;<\/p>","protected":false},"author":1,"featured_media":0,"parent":0,"menu_order":0,"comment_status":"closed","ping_status":"closed","template":"","meta":{"footnotes":""},"class_list":["post-610","page","type-page","status-publish","hentry"],"_links":{"self":[{"href":"https:\/\/codigosdelarte.es\/vc\/wp-json\/wp\/v2\/pages\/610","targetHints":{"allow":["GET"]}}],"collection":[{"href":"https:\/\/codigosdelarte.es\/vc\/wp-json\/wp\/v2\/pages"}],"about":[{"href":"https:\/\/codigosdelarte.es\/vc\/wp-json\/wp\/v2\/types\/page"}],"author":[{"embeddable":true,"href":"https:\/\/codigosdelarte.es\/vc\/wp-json\/wp\/v2\/users\/1"}],"replies":[{"embeddable":true,"href":"https:\/\/codigosdelarte.es\/vc\/wp-json\/wp\/v2\/comments?post=610"}],"version-history":[{"count":2,"href":"https:\/\/codigosdelarte.es\/vc\/wp-json\/wp\/v2\/pages\/610\/revisions"}],"predecessor-version":[{"id":618,"href":"https:\/\/codigosdelarte.es\/vc\/wp-json\/wp\/v2\/pages\/610\/revisions\/618"}],"wp:attachment":[{"href":"https:\/\/codigosdelarte.es\/vc\/wp-json\/wp\/v2\/media?parent=610"}],"curies":[{"name":"wp","href":"https:\/\/api.w.org\/{rel}","templated":true}]}}